{"id":1089,"date":"2022-05-03T18:01:20","date_gmt":"2022-05-03T16:01:20","guid":{"rendered":"http:\/\/triathlon91.fr\/?page_id=1089"},"modified":"2022-09-19T10:11:44","modified_gmt":"2022-09-19T08:11:44","slug":"eau-libre","status":"publish","type":"page","link":"http:\/\/triathlon91.fr\/index.php\/eau-libre\/","title":{"rendered":"Eau Libre"},"content":{"rendered":"\n<p class=\"has-text-align-center has-medium-font-size\"><mark style=\"background-color:rgba(0, 0, 0, 0)\" class=\"has-inline-color has-primary-color\"><strong>Les s\u00e9ances reprendront \u00e0 la rentr\u00e9e de Septembre 2022<\/strong><\/mark><\/p>\n\n\n\n<p>Le <strong>Comit\u00e9 D\u00e9partemental de Triathlon<\/strong> a sign\u00e9 une convention annuelle avec <strong>les responsables de la base du Port aux Cerises<\/strong> <strong>de Draveil, <\/strong>afin de permettre aux licenci\u00e9s FFTRI de nager en eau libre.&nbsp;<\/p>\n\n\n\n<p>Il est n\u00e9cessaire de rappeler que l&#8217;utilisation de la base est un \u00e9l\u00e9ment important pour l&#8217;entrainement des triathl\u00e8tes, mais pour que cet accord perdure il est fondamental que les r\u00e8gles d&#8217;utilisation donn\u00e9es ci-dessous soit connues et respect\u00e9es par tous.<\/p>\n\n\n\n<figure class=\"wp-block-gallery has-nested-images columns-default is-cropped wp-block-gallery-1 is-layout-flex\">\n<figure class=\"wp-block-image size-large\"><img decoding=\"async\" loading=\"lazy\" width=\"1024\" height=\"768\" data-id=\"1094\"  src=\"http:\/\/triathlon91.fr\/wp-content\/uploads\/2022\/05\/Draveil7-1024x768.jpg\" alt=\"\" class=\"wp-image-1094\" srcset=\"http:\/\/triathlon91.fr\/wp-content\/uploads\/2022\/05\/Draveil7-1024x768.jpg 1024w, http:\/\/triathlon91.fr\/wp-content\/uploads\/2022\/05\/Draveil7-scaled-600x450.jpg 600w, http:\/\/triathlon91.fr\/wp-content\/uploads\/2022\/05\/Draveil7-300x225.jpg 300w, http:\/\/triathlon91.fr\/wp-content\/uploads\/2022\/05\/Draveil7-768x576.jpg 768w, http:\/\/triathlon91.fr\/wp-content\/uploads\/2022\/05\/Draveil7-1536x1152.jpg 1536w, http:\/\/triathlon91.fr\/wp-content\/uploads\/2022\/05\/Draveil7-2048x1536.jpg 2048w\" sizes=\"(max-width: 1024px) 100vw, 1024px\" \/><\/figure>\n\n\n\n<figure class=\"wp-block-image size-large\"><img decoding=\"async\" loading=\"lazy\" width=\"1024\" height=\"768\" data-id=\"1100\"  src=\"http:\/\/triathlon91.fr\/wp-content\/uploads\/2022\/05\/Draveil4-1-1024x768.jpg\" alt=\"\" class=\"wp-image-1100\" srcset=\"http:\/\/triathlon91.fr\/wp-content\/uploads\/2022\/05\/Draveil4-1-1024x768.jpg 1024w, http:\/\/triathlon91.fr\/wp-content\/uploads\/2022\/05\/Draveil4-1-300x225.jpg 300w, http:\/\/triathlon91.fr\/wp-content\/uploads\/2022\/05\/Draveil4-1-768x576.jpg 768w, http:\/\/triathlon91.fr\/wp-content\/uploads\/2022\/05\/Draveil4-1-1536x1152.jpg 1536w, http:\/\/triathlon91.fr\/wp-content\/uploads\/2022\/05\/Draveil4-1-2048x1536.jpg 2048w, http:\/\/triathlon91.fr\/wp-content\/uploads\/2022\/05\/Draveil4-1-600x450.jpg 600w\" sizes=\"(max-width: 1024px) 100vw, 1024px\" \/><\/figure>\n\n\n\n<figure class=\"wp-block-image size-full\"><img decoding=\"async\" loading=\"lazy\" width=\"2560\" height=\"1920\" data-id=\"1092\"  src=\"http:\/\/triathlon91.fr\/wp-content\/uploads\/2022\/05\/Draveil5-scaled.jpg\" alt=\"\" class=\"wp-image-1092\" srcset=\"http:\/\/triathlon91.fr\/wp-content\/uploads\/2022\/05\/Draveil5-scaled.jpg 2560w, http:\/\/triathlon91.fr\/wp-content\/uploads\/2022\/05\/Draveil5-600x450.jpg 600w\" sizes=\"(max-width: 2560px) 100vw, 2560px\" \/><\/figure>\n<\/figure>\n\n\n\n<p>Les entra\u00eenements ont lieu le <strong>vendredi de 18h30 \u00e0 19h45 (hors vacances scolaires)<\/strong> \u00e0 partir du vendredi 13 mai sur l&#8217;\u00e9tang de Laveyssi\u00e8re. <\/p>\n\n\n\n<figure class=\"wp-block-gallery has-nested-images columns-default is-cropped wp-block-gallery-3 is-layout-flex\">\n<figure class=\"wp-block-image size-large\"><img decoding=\"async\" loading=\"lazy\" width=\"1024\" height=\"432\" data-id=\"1114\"  src=\"http:\/\/triathlon91.fr\/wp-content\/uploads\/2022\/05\/CarteDraveilV0-1024x432.png\" alt=\"\" class=\"wp-image-1114\" srcset=\"http:\/\/triathlon91.fr\/wp-content\/uploads\/2022\/05\/CarteDraveilV0-1024x432.png 1024w, http:\/\/triathlon91.fr\/wp-content\/uploads\/2022\/05\/CarteDraveilV0-300x127.png 300w, http:\/\/triathlon91.fr\/wp-content\/uploads\/2022\/05\/CarteDraveilV0-768x324.png 768w, http:\/\/triathlon91.fr\/wp-content\/uploads\/2022\/05\/CarteDraveilV0-1536x648.png 1536w, http:\/\/triathlon91.fr\/wp-content\/uploads\/2022\/05\/CarteDraveilV0-600x253.png 600w, http:\/\/triathlon91.fr\/wp-content\/uploads\/2022\/05\/CarteDraveilV0.png 1830w\" sizes=\"(max-width: 1024px) 100vw, 1024px\" \/><figcaption>Etang de Laveyssi\u00e8re <\/figcaption><\/figure>\n\n\n\n<figure class=\"wp-block-image size-large\"><img decoding=\"async\" loading=\"lazy\" width=\"2560\" height=\"1440\" data-id=\"1140\"  src=\"http:\/\/triathlon91.fr\/wp-content\/uploads\/2022\/05\/street-work-out-scaled.jpg\" alt=\"\" class=\"wp-image-1140\" srcset=\"http:\/\/triathlon91.fr\/wp-content\/uploads\/2022\/05\/street-work-out-scaled.jpg 2560w, http:\/\/triathlon91.fr\/wp-content\/uploads\/2022\/05\/street-work-out-300x169.jpg 300w, http:\/\/triathlon91.fr\/wp-content\/uploads\/2022\/05\/street-work-out-1024x576.jpg 1024w, http:\/\/triathlon91.fr\/wp-content\/uploads\/2022\/05\/street-work-out-768x432.jpg 768w, http:\/\/triathlon91.fr\/wp-content\/uploads\/2022\/05\/street-work-out-1536x864.jpg 1536w, http:\/\/triathlon91.fr\/wp-content\/uploads\/2022\/05\/street-work-out-2048x1152.jpg 2048w, http:\/\/triathlon91.fr\/wp-content\/uploads\/2022\/05\/street-work-out-1360x765.jpg 1360w, http:\/\/triathlon91.fr\/wp-content\/uploads\/2022\/05\/street-work-out-600x338.jpg 600w\" sizes=\"(max-width: 2560px) 100vw, 2560px\" \/><figcaption>Appareils de street workout<\/figcaption><\/figure>\n<\/figure>\n\n\n\n<p><strong>Mise \u00e0 l&#8217;eau au point rouge :<\/strong> coordonn\u00e9es GPS (48.693365 , 2.399416) , au niveau des appareils de street workout<\/p>\n\n\n\n<p><strong>Ci-dessous les r\u00e8gles \u00e0 respecter dans le cadre de cette activit\u00e9 : <\/strong><\/p>\n\n\n\n<ul><li>\u00eatre <strong>licenci\u00e9 FFTRI <\/strong>(licence valide),<\/li><li><strong>r\u00e9gler sa cotisation* <\/strong>annuelle<strong> <\/strong>: <strong>en bas de la page.<\/strong><\/li><li><strong>s&#8217;enregistrer 24h<\/strong> avant chaque s\u00e9ance ; soit le jeudi pr\u00e9c\u00e9dent la s\u00e9ance avant 18h : <strong>\u00e0 venir <\/strong><\/li><li>la <strong>combinaison n\u00e9opr\u00e8ne <\/strong>est obligatoire quelle que soit la temp\u00e9rature,<\/li><li>la natation est <strong>interdite<\/strong> si la temp\u00e9rature de l&#8217;eau est <strong>inf\u00e9rieure \u00e0 12\u00b0C<\/strong>,<\/li><li>la <strong>bou\u00e9e de nage<\/strong> est obligatoire,<\/li><li><strong>le bonnet de bain<\/strong> de club est obligatoire ; \u00e0 d\u00e9faut un bonnet du CDT91 vous sera donn\u00e9 (2 euros sup.) <\/li><\/ul>\n\n\n\n<p>Vous serez sous l&#8217;<strong>autorit\u00e9 d&#8217;un surveillant<\/strong> (BNSSA ou BESAN), merci de respecter ses consignes et de ne pas rentrer dans l&#8217;eau sans son autorisation. <\/p>\n\n\n\n<p>*<strong>La cotisation est obligatoire  : <\/strong><\/p>\n\n\n\n<ul><li>10\u20ac pour les licenci\u00e9s FFTRI essonniens, <\/li><li>15\u20ac pour les licenci\u00e9s FFTRI franciliens,<\/li><li>20\u20ac pour les licenci\u00e9s FFTRI (hors clubs ou hors Ile-de-France)<\/li><\/ul>\n\n\n\n<p>Pour assurer une bonne s\u00e9curit\u00e9, les s\u00e9ances sont<strong> limit\u00e9es \u00e0 25 triathl\u00e8tes.<\/strong><\/p>\n\n\n\n<p><mark style=\"background-color:rgba(0, 0, 0, 0)\" class=\"has-inline-color has-secondary-color\"><strong>Un mail de confirmation vous sera envoy\u00e9 pour valider votre inscription et cela,  chaque vendredi.<\/strong><\/mark><\/p>\n\n\n<div class=\"wp-block-image\">\n<figure class=\"aligncenter size-full is-resized\"><a href=\"http:\/\/triathlon91.fr\/index.php\/inscriptions-nage-en-eau-libre\/\"><img decoding=\"async\" loading=\"lazy\" src=\"http:\/\/triathlon91.fr\/wp-content\/uploads\/2022\/05\/inscription.jpg\" alt=\"\" class=\"wp-image-1132\" width=\"718\" height=\"209\" srcset=\"http:\/\/triathlon91.fr\/wp-content\/uploads\/2022\/05\/inscription.jpg 1024w, http:\/\/triathlon91.fr\/wp-content\/uploads\/2022\/05\/inscription-300x88.jpg 300w, http:\/\/triathlon91.fr\/wp-content\/uploads\/2022\/05\/inscription-768x224.jpg 768w, http:\/\/triathlon91.fr\/wp-content\/uploads\/2022\/05\/inscription-600x175.jpg 600w\" sizes=\"(max-width: 718px) 100vw, 718px\" \/><\/a><\/figure><\/div>\n\n\n<p><\/p>\n\n\n\n<p><\/p>\n","protected":false},"excerpt":{"rendered":"<p>Les s\u00e9ances reprendront \u00e0 la rentr\u00e9e de Septembre 2022 Le Comit\u00e9 D\u00e9partemental de Triathlon a sign\u00e9 une convention annuelle avec<\/p>\n","protected":false},"author":3,"featured_media":0,"parent":0,"menu_order":0,"comment_status":"closed","ping_status":"closed","template":"","meta":[],"_links":{"self":[{"href":"http:\/\/triathlon91.fr\/index.php\/wp-json\/wp\/v2\/pages\/1089"}],"collection":[{"href":"http:\/\/triathlon91.fr\/index.php\/wp-json\/wp\/v2\/pages"}],"about":[{"href":"http:\/\/triathlon91.fr\/index.php\/wp-json\/wp\/v2\/types\/page"}],"author":[{"embeddable":true,"href":"http:\/\/triathlon91.fr\/index.php\/wp-json\/wp\/v2\/users\/3"}],"replies":[{"embeddable":true,"href":"http:\/\/triathlon91.fr\/index.php\/wp-json\/wp\/v2\/comments?post=1089"}],"version-history":[{"count":19,"href":"http:\/\/triathlon91.fr\/index.php\/wp-json\/wp\/v2\/pages\/1089\/revisions"}],"predecessor-version":[{"id":1208,"href":"http:\/\/triathlon91.fr\/index.php\/wp-json\/wp\/v2\/pages\/1089\/revisions\/1208"}],"wp:attachment":[{"href":"http:\/\/triathlon91.fr\/index.php\/wp-json\/wp\/v2\/media?parent=1089"}],"curies":[{"name":"wp","href":"https:\/\/api.w.org\/{rel}","templated":true}]}}