{"id":11,"date":"2020-05-11T10:57:02","date_gmt":"2020-05-11T08:57:02","guid":{"rendered":"http:\/\/triathlon91.fr\/?page_id=11"},"modified":"2020-05-13T10:20:10","modified_gmt":"2020-05-13T08:20:10","slug":"les-formations","status":"publish","type":"page","link":"http:\/\/triathlon91.fr\/index.php\/les-formations\/","title":{"rendered":"Ressources"},"content":{"rendered":"\n<p>Le Comit\u00e9 D\u00e9partemental de Triathlon de l&#8217;Essonne a investi gr\u00e2ce au soutien du Conseil D\u00e9partemental dans l&#8217;achat de mat\u00e9riel afin d&#8217;aider les clubs lors de l&#8217;organisation de leurs \u00e9preuves.<\/p>\n\n\n\n<p>Il est entre autre possible d&#8217;emprunter un minibus pour vos d\u00e9placements, une arche ou du petit mat\u00e9riel (horloge, talkie walkie, cone de lubeck) dans le cadre d&#8217;une organisation.<\/p>\n\n\n\n<figure class=\"wp-block-image\"><img decoding=\"async\" loading=\"lazy\" width=\"724\" height=\"1024\" src=\"http:\/\/triathlon91.fr\/wp-content\/uploads\/2020\/05\/406188_4431ab10c9a34e4688ae73e6a17a2054-pdf-724x1024.jpg\" alt=\"\" class=\"wp-image-192\"\/><figcaption>Convention \u00e0 remplir, signer et renvoyer \u00e0 l&#8217;adresse communiqu\u00e9e.<\/figcaption><\/figure>\n\n\n\n<p><\/p>\n\n\n\n<p>N&#8217;h\u00e9sitez pas \u00e0 nous contacter par t\u00e9l\u00e9phone au 06 64 38 40 04 ou par mail\u00a0<a href=\"mailto:cdt.essonne@gmail.com\">cdt.essonne@gmail.com \u00a0<\/a>pour toute demande.<\/p>\n","protected":false},"excerpt":{"rendered":"<p>Le Comit\u00e9 D\u00e9partemental de Triathlon de l&#8217;Essonne a investi gr\u00e2ce au soutien du Conseil D\u00e9partemental dans l&#8217;achat de mat\u00e9riel afin<\/p>\n","protected":false},"author":1,"featured_media":0,"parent":0,"menu_order":0,"comment_status":"closed","ping_status":"closed","template":"","meta":[],"_links":{"self":[{"href":"http:\/\/triathlon91.fr\/index.php\/wp-json\/wp\/v2\/pages\/11"}],"collection":[{"href":"http:\/\/triathlon91.fr\/index.php\/wp-json\/wp\/v2\/pages"}],"about":[{"href":"http:\/\/triathlon91.fr\/index.php\/wp-json\/wp\/v2\/types\/page"}],"author":[{"embeddable":true,"href":"http:\/\/triathlon91.fr\/index.php\/wp-json\/wp\/v2\/users\/1"}],"replies":[{"embeddable":true,"href":"http:\/\/triathlon91.fr\/index.php\/wp-json\/wp\/v2\/comments?post=11"}],"version-history":[{"count":7,"href":"http:\/\/triathlon91.fr\/index.php\/wp-json\/wp\/v2\/pages\/11\/revisions"}],"predecessor-version":[{"id":195,"href":"http:\/\/triathlon91.fr\/index.php\/wp-json\/wp\/v2\/pages\/11\/revisions\/195"}],"wp:attachment":[{"href":"http:\/\/triathlon91.fr\/index.php\/wp-json\/wp\/v2\/media?parent=11"}],"curies":[{"name":"wp","href":"https:\/\/api.w.org\/{rel}","templated":true}]}}