{"id":1122,"date":"2022-05-04T22:25:56","date_gmt":"2022-05-04T20:25:56","guid":{"rendered":"http:\/\/triathlon91.fr\/?page_id=1122"},"modified":"2022-09-18T18:45:31","modified_gmt":"2022-09-18T16:45:31","slug":"inscriptions-nage-en-eau-libre","status":"publish","type":"page","link":"http:\/\/triathlon91.fr\/index.php\/inscriptions-nage-en-eau-libre\/","title":{"rendered":"Inscriptions Nage en Eau Libre"},"content":{"rendered":"\n<p>La nage en eau libre se d\u00e9roule le vendredi \u00e0 18h30 \u00e0 Port aux Cerises (uniquement en p\u00e9riode scolaire)<\/p>\n\n\n\n<p><strong>Votre adh\u00e9sion ne sera effective qu&#8217;apr\u00e8s :<\/strong><\/p>\n\n\n\n<ul><li>avoir <strong>renseign\u00e9<\/strong> le formulaire ci-dessous &amp; r\u00e9gl\u00e9 votre <strong>cotisation<\/strong> aupr\u00e8s du CDT91 <strong><a href=\"mailto:cdt.essonne@gmail.com\">cdt.essonne@gmail.com<\/a><\/strong> <\/li><\/ul>\n\n\n\n<p><strong>Le prix annuel de la cotisation est de :<\/strong><\/p>\n\n\n\n<ul><li><strong>10\u20ac<\/strong> pour les licenci\u00e9s FFTRI essonniens,<\/li><li><strong>15\u20ac <\/strong>pour les licenci\u00e9s FFTRI franciliens,<\/li><li><strong>20\u20ac <\/strong>pour les licenci\u00e9s FFTRI (hors clubs ou hors Ile-de-France)<\/li><\/ul>\n\n\n\n<div class=\"wp-block-contact-form-7-contact-form-selector\">\n<div class=\"wpcf7 no-js\" id=\"wpcf7-f1121-o1\" lang=\"fr-FR\" dir=\"ltr\">\n<div class=\"screen-reader-response\"><p role=\"status\" aria-live=\"polite\" aria-atomic=\"true\"><\/p> <ul><\/ul><\/div>\n<form action=\"\/index.php\/wp-json\/wp\/v2\/pages\/1122#wpcf7-f1121-o1\" method=\"post\" class=\"wpcf7-form init\" aria-label=\"Formulaire de contact\" novalidate=\"novalidate\" data-status=\"init\">\n<div style=\"display: none;\">\n<input type=\"hidden\" name=\"_wpcf7\" value=\"1121\" \/>\n<input type=\"hidden\" name=\"_wpcf7_version\" value=\"5.7.7\" \/>\n<input type=\"hidden\" name=\"_wpcf7_locale\" value=\"fr_FR\" \/>\n<input type=\"hidden\" name=\"_wpcf7_unit_tag\" value=\"wpcf7-f1121-o1\" \/>\n<input type=\"hidden\" name=\"_wpcf7_container_post\" value=\"0\" \/>\n<input type=\"hidden\" name=\"_wpcf7_posted_data_hash\" value=\"\" \/>\n<\/div>\n<p><label> Votre nom et pr\u00e9nom<br \/>\n<span class=\"wpcf7-form-control-wrap\" data-name=\"your-name\"><input size=\"40\" class=\"wpcf7-form-control wpcf7-text wpcf7-validates-as-required\" aria-required=\"true\" aria-invalid=\"false\" value=\"\" type=\"text\" name=\"your-name\" \/><\/span> <\/label>\n<\/p>\n<p><label> Votre club<br \/>\n<span class=\"wpcf7-form-control-wrap\" data-name=\"your-name\"><input size=\"40\" class=\"wpcf7-form-control wpcf7-text wpcf7-validates-as-required\" aria-required=\"true\" aria-invalid=\"false\" value=\"\" type=\"text\" name=\"your-name\" \/><\/span> <\/label>\n<\/p>\n<p><label> Votre num\u00e9ro de licence<br \/>\n<span class=\"wpcf7-form-control-wrap\" data-name=\"your-email\"><input size=\"40\" class=\"wpcf7-form-control wpcf7-text wpcf7-email wpcf7-validates-as-required wpcf7-validates-as-email\" aria-required=\"true\" aria-invalid=\"false\" value=\"\" type=\"email\" name=\"your-email\" \/><\/span> <\/label>\n<\/p>\n<p><label> Votre e-mail<br \/>\n<span class=\"wpcf7-form-control-wrap\" data-name=\"your-email\"><input size=\"40\" class=\"wpcf7-form-control wpcf7-text wpcf7-email wpcf7-validates-as-required wpcf7-validates-as-email\" aria-required=\"true\" aria-invalid=\"false\" value=\"\" type=\"email\" name=\"your-email\" \/><\/span> <\/label>\n<\/p>\n<p><label> Votre t\u00e9l\u00e9phone<br \/>\n<span class=\"wpcf7-form-control-wrap\" data-name=\"tel-538\"><input size=\"40\" class=\"wpcf7-form-control wpcf7-text wpcf7-tel wpcf7-validates-as-required wpcf7-validates-as-tel\" aria-required=\"true\" aria-invalid=\"false\" value=\"\" type=\"tel\" name=\"tel-538\" \/><\/span><\/label>\n<\/p>\n<p><label> Votre message (facultatif)<br \/>\n<span class=\"wpcf7-form-control-wrap\" data-name=\"your-message\"><textarea cols=\"40\" rows=\"10\" class=\"wpcf7-form-control wpcf7-textarea\" aria-invalid=\"false\" name=\"your-message\"><\/textarea><\/span> <\/label>\n<\/p>\n<p><input class=\"wpcf7-form-control has-spinner wpcf7-submit\" type=\"submit\" value=\"Envoyer\" \/>\n<\/p><p style=\"display: none !important;\"><label>&#916;<textarea name=\"_wpcf7_ak_hp_textarea\" cols=\"45\" rows=\"8\" maxlength=\"100\"><\/textarea><\/label><input type=\"hidden\" id=\"ak_js_1\" name=\"_wpcf7_ak_js\" value=\"22\"\/><script>document.getElementById( \"ak_js_1\" ).setAttribute( \"value\", ( new Date() ).getTime() );<\/script><\/p><div class=\"wpcf7-response-output\" aria-hidden=\"true\"><\/div>\n<\/form>\n<\/div>\n<\/div>\n\n\n\n<p><\/p>\n","protected":false},"excerpt":{"rendered":"<p>La nage en eau libre se d\u00e9roule le vendredi \u00e0 18h30 \u00e0 Port aux Cerises (uniquement en p\u00e9riode scolaire) Votre<\/p>\n","protected":false},"author":3,"featured_media":0,"parent":0,"menu_order":0,"comment_status":"closed","ping_status":"closed","template":"","meta":[],"_links":{"self":[{"href":"http:\/\/triathlon91.fr\/index.php\/wp-json\/wp\/v2\/pages\/1122"}],"collection":[{"href":"http:\/\/triathlon91.fr\/index.php\/wp-json\/wp\/v2\/pages"}],"about":[{"href":"http:\/\/triathlon91.fr\/index.php\/wp-json\/wp\/v2\/types\/page"}],"author":[{"embeddable":true,"href":"http:\/\/triathlon91.fr\/index.php\/wp-json\/wp\/v2\/users\/3"}],"replies":[{"embeddable":true,"href":"http:\/\/triathlon91.fr\/index.php\/wp-json\/wp\/v2\/comments?post=1122"}],"version-history":[{"count":4,"href":"http:\/\/triathlon91.fr\/index.php\/wp-json\/wp\/v2\/pages\/1122\/revisions"}],"predecessor-version":[{"id":1207,"href":"http:\/\/triathlon91.fr\/index.php\/wp-json\/wp\/v2\/pages\/1122\/revisions\/1207"}],"wp:attachment":[{"href":"http:\/\/triathlon91.fr\/index.php\/wp-json\/wp\/v2\/media?parent=1122"}],"curies":[{"name":"wp","href":"https:\/\/api.w.org\/{rel}","templated":true}]}}