{"id":14,"date":"2020-05-11T10:58:39","date_gmt":"2020-05-11T08:58:39","guid":{"rendered":"http:\/\/triathlon91.fr\/?page_id=14"},"modified":"2020-06-02T11:05:52","modified_gmt":"2020-06-02T09:05:52","slug":"les-clubs","status":"publish","type":"page","link":"http:\/\/triathlon91.fr\/index.php\/les-clubs\/","title":{"rendered":"Les clubs"},"content":{"rendered":"\n<p>L\u2019Essonne est un d\u00e9partement tr\u00e8s actif dans le monde du triathlon avec des clubs dynamiques qui ne cessent d&#8217;innover et de proposer aux diff\u00e9rents publics des activit\u00e9s adapt\u00e9es. Un grand merci \u00e0 eux, \u00e0 leurs dirigeants, b\u00e9n\u00e9voles et entra\u00eeneurs qui \u0153uvrent quotidiennement pour le d\u00e9veloppement du triathlon. <\/p>\n\n\n\n<h4 class=\"wp-block-heading\">TROUVEZ UN CLUB PR\u00c8S DE CHEZ VOUS !<\/h4>\n\n\n\n<p>Vous voulez pratiquer le Triathlon ou tout autre discipline encha\u00een\u00e9e de la <strong>F\u00e9d\u00e9ration Fran\u00e7aise de Triathlon<\/strong> ? Venez d\u00e9couvrir les 17 clubs pr\u00eats \u00e0 vous accueillir en Essonne !<\/p>\n\n\n\n<p><strong>Club pratique &#8220;Adultes + Jeunes&#8221; :<\/strong><\/p>\n\n\n\n<figure class=\"wp-block-image\"><img decoding=\"async\" loading=\"lazy\" width=\"32\" height=\"37\" src=\"http:\/\/triathlon91.fr\/wp-content\/uploads\/2020\/06\/image.png\" alt=\"\" class=\"wp-image-477\"\/><\/figure>\n\n\n\n<p><strong>Club pratique &#8220;Adultes&#8221; : <\/strong><\/p>\n\n\n\n<figure class=\"wp-block-image\"><img decoding=\"async\" src=\"http:\/\/triathlon91.fr\/wp-content\/uploads\/leaflet-maps-marker-icons\/blank_blue.png\" alt=\"blank_blue.png\"\/><\/figure>\n\n\n\n<p><strong>Club &#8220;Entreprise&#8221; : <\/strong><\/p>\n\n\n\n<figure class=\"wp-block-image\"><img decoding=\"async\" src=\"http:\/\/triathlon91.fr\/wp-content\/uploads\/leaflet-maps-marker-icons\/blank_yellow.png\" alt=\"blank_yellow.png\"\/><\/figure>\n\n\n<div id=\"lmm_2c040b34\" style=\"width:600px;\" class=\"mapsmarker layermap layer-1\">\n<div id=\"lmm_panel_2c040b34\" class=\"lmm-panel\" style=\"background:#efefef;\">\n<div id=\"lmm_panel_api_2c040b34\" class=\"lmm-panel-api\"><\/div><div id=\"lmm_panel_text_2c040b34\" class=\"lmm-panel-text\" style=\"font-weight:bold;color:#373737;\">Clubs de Triathlon d'Essonne<\/div>\n<\/div>\n<div id=\"lmm_map_2c040b34\" class=\"lmm-map\" style=\"background:#f6f6f6;border:1px solid #ccc;height:800px; overflow:hidden;padding:0;\"><p style=\"font-size:80%;color:#9f9e9e;margin-left:5px;\">chargement de la carte - veuillez patienter...<noscript><br\/><strong>La carte ne peut \u00eatre charg\u00e9e - s'il vous pla\u00eet activer Javascript !<\/strong><br\/><a style=\"text-decoration:none;\" href=\"https:\/\/www.mapsmarker.com\/js-disabled\" target=\"_blank\">&rarr; plus dginformations<\/a><\/noscript><\/p><\/div>\n<div id=\"lmm_geo_tags_2c040b34_1\" class=\"lmm-geo-tags geo\">US PALAISEAU TRIATHLON: <span class=\"latitude\">48.718200<\/span>, <span class=\"longitude\">2.249800<\/span><\/div>\n<div id=\"lmm_geo_tags_2c040b34_2\" class=\"lmm-geo-tags geo\">SAINTE GENEVI\u00c8VE TRIATHLON: <span class=\"latitude\">48.637800<\/span>, <span class=\"longitude\">2.332170<\/span><\/div>\n<div id=\"lmm_geo_tags_2c040b34_3\" class=\"lmm-geo-tags geo\">SCA 2000 TRIATHLON: <span class=\"latitude\">48.623800<\/span>, <span class=\"longitude\">2.429560<\/span><\/div>\n<div id=\"lmm_geo_tags_2c040b34_4\" class=\"lmm-geo-tags geo\">TUVB TRIATHLON: <span class=\"latitude\">48.747400<\/span>, <span class=\"longitude\">2.262900<\/span><\/div>\n<div id=\"lmm_geo_tags_2c040b34_5\" class=\"lmm-geo-tags geo\">CA ORSAY TRIATHLON: <span class=\"latitude\">48.698100<\/span>, <span class=\"longitude\">2.187500<\/span><\/div>\n<div id=\"lmm_geo_tags_2c040b34_6\" class=\"lmm-geo-tags geo\">AS CORBEIL-ESSONNES TRIATHLON: <span class=\"latitude\">48.610300<\/span>, <span class=\"longitude\">2.474820<\/span><\/div>\n<div id=\"lmm_geo_tags_2c040b34_7\" class=\"lmm-geo-tags geo\">\u00c9LAN NAUTIQUE VAL D\\'YERRES: <span class=\"latitude\">48.693100<\/span>, <span class=\"longitude\">2.515840<\/span><\/div>\n<div id=\"lmm_geo_tags_2c040b34_8\" class=\"lmm-geo-tags geo\">TRIATHLON CLUB ETAMPOIS: <span class=\"latitude\">48.435000<\/span>, <span class=\"longitude\">2.162350<\/span><\/div>\n<div id=\"lmm_geo_tags_2c040b34_9\" class=\"lmm-geo-tags geo\">D BARDI COACHING: <span class=\"latitude\">48.640200<\/span>, <span class=\"longitude\">2.508650<\/span><\/div>\n<div id=\"lmm_geo_tags_2c040b34_10\" class=\"lmm-geo-tags geo\">TRIATHLON SAINT MICHEL 91: <span class=\"latitude\">48.632400<\/span>, <span class=\"longitude\">2.302660<\/span><\/div>\n<div id=\"lmm_geo_tags_2c040b34_11\" class=\"lmm-geo-tags geo\">YERRES TRIATHLON: <span class=\"latitude\">48.716100<\/span>, <span class=\"longitude\">2.490780<\/span><\/div>\n<div id=\"lmm_geo_tags_2c040b34_12\" class=\"lmm-geo-tags geo\">AS ENERGY 91 TRIATHLON: <span class=\"latitude\">48.730500<\/span>, <span class=\"longitude\">2.276400<\/span><\/div>\n<div id=\"lmm_geo_tags_2c040b34_13\" class=\"lmm-geo-tags geo\">DRAVEIL TRIATHLON: <span class=\"latitude\">48.686100<\/span>, <span class=\"longitude\">2.409520<\/span><\/div>\n<div id=\"lmm_geo_tags_2c040b34_14\" class=\"lmm-geo-tags geo\">US GRIGNY TRIATHLON: <span class=\"latitude\">48.656600<\/span>, <span class=\"longitude\">2.388120<\/span><\/div>\n<div id=\"lmm_geo_tags_2c040b34_15\" class=\"lmm-geo-tags geo\">TRY COACHNIG: <span class=\"latitude\">48.678500<\/span>, <span class=\"longitude\">2.138600<\/span><\/div>\n<div id=\"lmm_geo_tags_2c040b34_17\" class=\"lmm-geo-tags geo\">MENNECY TRIATHLON: <span class=\"latitude\">48.565400<\/span>, <span class=\"longitude\">2.436100<\/span><\/div>\n<div id=\"lmm_geo_tags_2c040b34_18\" class=\"lmm-geo-tags geo\">Milly Triathlon: <span class=\"latitude\">48.404100<\/span>, <span class=\"longitude\">2.467000<\/span><\/div>\n<\/div>\n\n\n\n<p>La pratique en club c\u2019est l\u2019assurance d\u2019une pratique encadr\u00e9e par des personnes qualifi\u00e9es mais aussi dans une ambiance conviviale et motivante au sein d\u2019un groupe.<\/p>\n\n\n\n<p><\/p>\n","protected":false},"excerpt":{"rendered":"<p>L\u2019Essonne est un d\u00e9partement tr\u00e8s actif dans le monde du triathlon avec des clubs dynamiques qui ne cessent d&#8217;innover et<\/p>\n","protected":false},"author":1,"featured_media":0,"parent":0,"menu_order":0,"comment_status":"closed","ping_status":"closed","template":"","meta":[],"_links":{"self":[{"href":"http:\/\/triathlon91.fr\/index.php\/wp-json\/wp\/v2\/pages\/14"}],"collection":[{"href":"http:\/\/triathlon91.fr\/index.php\/wp-json\/wp\/v2\/pages"}],"about":[{"href":"http:\/\/triathlon91.fr\/index.php\/wp-json\/wp\/v2\/types\/page"}],"author":[{"embeddable":true,"href":"http:\/\/triathlon91.fr\/index.php\/wp-json\/wp\/v2\/users\/1"}],"replies":[{"embeddable":true,"href":"http:\/\/triathlon91.fr\/index.php\/wp-json\/wp\/v2\/comments?post=14"}],"version-history":[{"count":22,"href":"http:\/\/triathlon91.fr\/index.php\/wp-json\/wp\/v2\/pages\/14\/revisions"}],"predecessor-version":[{"id":499,"href":"http:\/\/triathlon91.fr\/index.php\/wp-json\/wp\/v2\/pages\/14\/revisions\/499"}],"wp:attachment":[{"href":"http:\/\/triathlon91.fr\/index.php\/wp-json\/wp\/v2\/media?parent=14"}],"curies":[{"name":"wp","href":"https:\/\/api.w.org\/{rel}","templated":true}]}}