{"id":29,"date":"2020-05-11T11:39:22","date_gmt":"2020-05-11T09:39:22","guid":{"rendered":"http:\/\/triathlon91.fr\/?page_id=29"},"modified":"2024-05-06T17:04:40","modified_gmt":"2024-05-06T15:04:40","slug":"les-elus","status":"publish","type":"page","link":"http:\/\/triathlon91.fr\/index.php\/les-elus\/","title":{"rendered":"Les \u00e9lus"},"content":{"rendered":"\n<p>Voici les membres du comit\u00e9 directeur :<\/p>\n\n\n\n<div class=\"wp-block-columns is-layout-flex wp-container-6\">\n<div class=\"wp-block-column is-layout-flow\" style=\"flex-basis:100%\">\n<div class=\"wp-block-group is-layout-flow\"><div class=\"wp-block-group__inner-container\">\n<div class=\"wp-block-group is-layout-flow\"><div class=\"wp-block-group__inner-container\">\n<figure class=\"wp-block-gallery has-nested-images columns-3 is-cropped wp-block-gallery-1 is-layout-flex\">\n<figure class=\"wp-block-image size-large\"><img decoding=\"async\" loading=\"lazy\" width=\"1024\" height=\"1024\" src=\"http:\/\/triathlon91.fr\/wp-content\/uploads\/2021\/11\/Breton_Antoine-e1632833003306-1024x1024.png\" alt=\"\" class=\"wp-image-994\" srcset=\"http:\/\/triathlon91.fr\/wp-content\/uploads\/2021\/11\/Breton_Antoine-e1632833003306-1024x1024.png 1024w, http:\/\/triathlon91.fr\/wp-content\/uploads\/2021\/11\/Breton_Antoine-e1632833003306-300x300.png 300w, http:\/\/triathlon91.fr\/wp-content\/uploads\/2021\/11\/Breton_Antoine-e1632833003306-100x100.png 100w, http:\/\/triathlon91.fr\/wp-content\/uploads\/2021\/11\/Breton_Antoine-e1632833003306-600x600.png 600w, http:\/\/triathlon91.fr\/wp-content\/uploads\/2021\/11\/Breton_Antoine-e1632833003306-150x150.png 150w, http:\/\/triathlon91.fr\/wp-content\/uploads\/2021\/11\/Breton_Antoine-e1632833003306-768x768.png 768w, http:\/\/triathlon91.fr\/wp-content\/uploads\/2021\/11\/Breton_Antoine-e1632833003306-1536x1536.png 1536w, http:\/\/triathlon91.fr\/wp-content\/uploads\/2021\/11\/Breton_Antoine-e1632833003306.png 1869w\" sizes=\"(max-width: 1024px) 100vw, 1024px\" \/><figcaption class=\"wp-element-caption\">Antoine Breton <br>Pr\u00e9sident<\/figcaption><\/figure>\n\n\n\n<figure class=\"wp-block-image size-large\"><img decoding=\"async\" loading=\"lazy\" width=\"220\" height=\"220\" src=\"http:\/\/triathlon91.fr\/wp-content\/uploads\/2020\/05\/C_GEOFFROY-Large-220x220-2.jpg\" alt=\"\" class=\"wp-image-236\" srcset=\"http:\/\/triathlon91.fr\/wp-content\/uploads\/2020\/05\/C_GEOFFROY-Large-220x220-2.jpg 220w, http:\/\/triathlon91.fr\/wp-content\/uploads\/2020\/05\/C_GEOFFROY-Large-220x220-2-100x100.jpg 100w, http:\/\/triathlon91.fr\/wp-content\/uploads\/2020\/05\/C_GEOFFROY-Large-220x220-2-150x150.jpg 150w\" sizes=\"(max-width: 220px) 100vw, 220px\" \/><figcaption class=\"wp-element-caption\">Christine Geffroy <br>Vice Pr\u00e9sidente<\/figcaption><\/figure>\n\n\n\n<figure class=\"wp-block-image size-large\"><img decoding=\"async\" loading=\"lazy\" width=\"536\" height=\"484\" src=\"http:\/\/triathlon91.fr\/wp-content\/uploads\/2020\/05\/DN.png\" alt=\"\" class=\"wp-image-151\" srcset=\"http:\/\/triathlon91.fr\/wp-content\/uploads\/2020\/05\/DN.png 536w, http:\/\/triathlon91.fr\/wp-content\/uploads\/2020\/05\/DN-300x271.png 300w\" sizes=\"(max-width: 536px) 100vw, 536px\" \/><figcaption class=\"wp-element-caption\">Dominique Nicol<br>Tr\u00e9sorier<\/figcaption><\/figure>\n\n\n\n<figure class=\"wp-block-image size-full\"><img decoding=\"async\" loading=\"lazy\" width=\"400\" height=\"400\" src=\"http:\/\/triathlon91.fr\/wp-content\/uploads\/2024\/05\/1544916491733.jpg\" alt=\"\" class=\"wp-image-1478\" srcset=\"http:\/\/triathlon91.fr\/wp-content\/uploads\/2024\/05\/1544916491733.jpg 400w, http:\/\/triathlon91.fr\/wp-content\/uploads\/2024\/05\/1544916491733-300x300.jpg 300w, http:\/\/triathlon91.fr\/wp-content\/uploads\/2024\/05\/1544916491733-150x150.jpg 150w, http:\/\/triathlon91.fr\/wp-content\/uploads\/2024\/05\/1544916491733-100x100.jpg 100w\" sizes=\"(max-width: 400px) 100vw, 400px\" \/><figcaption class=\"wp-element-caption\">Laurent Humery<br>Secr\u00e9taire <\/figcaption><\/figure>\n\n\n\n<figure class=\"wp-block-image size-large\"><img decoding=\"async\" loading=\"lazy\" width=\"1002\" height=\"1024\" src=\"http:\/\/triathlon91.fr\/wp-content\/uploads\/2022\/06\/Eric-1002x1024.png\" alt=\"\" class=\"wp-image-1152\" srcset=\"http:\/\/triathlon91.fr\/wp-content\/uploads\/2022\/06\/Eric-1002x1024.png 1002w, http:\/\/triathlon91.fr\/wp-content\/uploads\/2022\/06\/Eric-294x300.png 294w, http:\/\/triathlon91.fr\/wp-content\/uploads\/2022\/06\/Eric-768x784.png 768w, http:\/\/triathlon91.fr\/wp-content\/uploads\/2022\/06\/Eric-1504x1536.png 1504w, http:\/\/triathlon91.fr\/wp-content\/uploads\/2022\/06\/Eric-600x613.png 600w, http:\/\/triathlon91.fr\/wp-content\/uploads\/2022\/06\/Eric.png 1769w\" sizes=\"(max-width: 1002px) 100vw, 1002px\" \/><figcaption class=\"wp-element-caption\">Eric Martinet<br>Responsable P\u00f4le Jeunesse <\/figcaption><\/figure>\n\n\n\n<figure class=\"wp-block-image size-large\"><img decoding=\"async\" loading=\"lazy\" width=\"375\" height=\"450\" src=\"http:\/\/triathlon91.fr\/wp-content\/uploads\/2020\/05\/29946904-noir-et-blanc-silhouette-portrait-de-l-homme-inconnu-4.jpg\" alt=\"\" class=\"wp-image-237\" srcset=\"http:\/\/triathlon91.fr\/wp-content\/uploads\/2020\/05\/29946904-noir-et-blanc-silhouette-portrait-de-l-homme-inconnu-4.jpg 375w, http:\/\/triathlon91.fr\/wp-content\/uploads\/2020\/05\/29946904-noir-et-blanc-silhouette-portrait-de-l-homme-inconnu-4-250x300.jpg 250w\" sizes=\"(max-width: 375px) 100vw, 375px\" \/><figcaption class=\"wp-element-caption\">Laurence LABAURIE HAZARD <\/figcaption><\/figure>\n<\/figure>\n<\/div><\/div>\n<\/div><\/div>\n\n\n\n<p><\/p>\n<\/div>\n<\/div>\n\n\n\n<p>Pour toute demande, n&#8217;h\u00e9sitez pas \u00e0 nous contacter \u00e0 l&#8217;adresse suivante : <a href=\"http:\/\/Comit\u00e9 D\u00e9partemental Triathlon Essonne\">cdt.essonne@gmail.com<\/a><\/p>\n\n\n\n<p><\/p>\n","protected":false},"excerpt":{"rendered":"<p>Voici les membres du comit\u00e9 directeur : Pour toute demande, n&#8217;h\u00e9sitez pas \u00e0 nous contacter \u00e0 l&#8217;adresse suivante : cdt.essonne@gmail.com<\/p>\n","protected":false},"author":1,"featured_media":0,"parent":0,"menu_order":0,"comment_status":"closed","ping_status":"closed","template":"","meta":[],"_links":{"self":[{"href":"http:\/\/triathlon91.fr\/index.php\/wp-json\/wp\/v2\/pages\/29"}],"collection":[{"href":"http:\/\/triathlon91.fr\/index.php\/wp-json\/wp\/v2\/pages"}],"about":[{"href":"http:\/\/triathlon91.fr\/index.php\/wp-json\/wp\/v2\/types\/page"}],"author":[{"embeddable":true,"href":"http:\/\/triathlon91.fr\/index.php\/wp-json\/wp\/v2\/users\/1"}],"replies":[{"embeddable":true,"href":"http:\/\/triathlon91.fr\/index.php\/wp-json\/wp\/v2\/comments?post=29"}],"version-history":[{"count":19,"href":"http:\/\/triathlon91.fr\/index.php\/wp-json\/wp\/v2\/pages\/29\/revisions"}],"predecessor-version":[{"id":1479,"href":"http:\/\/triathlon91.fr\/index.php\/wp-json\/wp\/v2\/pages\/29\/revisions\/1479"}],"wp:attachment":[{"href":"http:\/\/triathlon91.fr\/index.php\/wp-json\/wp\/v2\/media?parent=29"}],"curies":[{"name":"wp","href":"https:\/\/api.w.org\/{rel}","templated":true}]}}