{"id":951,"date":"2021-10-31T13:15:03","date_gmt":"2021-10-31T12:15:03","guid":{"rendered":"http:\/\/triathlon91.fr\/?page_id=951"},"modified":"2023-02-27T08:22:39","modified_gmt":"2023-02-27T07:22:39","slug":"stage-adultes-mai-2023","status":"publish","type":"page","link":"http:\/\/triathlon91.fr\/index.php\/stage-adultes-mai-2023\/","title":{"rendered":"Stage Adultes &#8211; Mai 2023"},"content":{"rendered":"\n<p>Le <strong>Comit\u00e9 D\u00e9partemental de Triathlon de l&#8217;Essonne<\/strong> vous propose la 2\u00e9me \u00e9dition de son stage au c\u0153ur du Morvan.<\/p>\n\n\n\n<p><em>Le Morvan se trouve \u00e0 cheval sur plusieurs d\u00e9partements, c&#8217;est un endroit tr\u00e8s pittoresque, vallonn\u00e9, couvert de for\u00eats infinies et de lacs; ce serait presque le lieu id\u00e9al pour un triathl\u00e8te digne de ce nom.<\/em><\/p>\n\n\n<div class=\"wp-block-image\">\n<figure class=\"aligncenter size-large is-resized\"><img decoding=\"async\" loading=\"lazy\" src=\"http:\/\/triathlon91.fr\/wp-content\/uploads\/2022\/05\/WhatsApp-Image-2022-05-13-at-22.40.36-1-1024x768.jpeg\" alt=\"\" class=\"wp-image-1148\" width=\"509\" height=\"382\" srcset=\"http:\/\/triathlon91.fr\/wp-content\/uploads\/2022\/05\/WhatsApp-Image-2022-05-13-at-22.40.36-1-1024x768.jpeg 1024w, http:\/\/triathlon91.fr\/wp-content\/uploads\/2022\/05\/WhatsApp-Image-2022-05-13-at-22.40.36-1-300x225.jpeg 300w, http:\/\/triathlon91.fr\/wp-content\/uploads\/2022\/05\/WhatsApp-Image-2022-05-13-at-22.40.36-1-768x576.jpeg 768w, http:\/\/triathlon91.fr\/wp-content\/uploads\/2022\/05\/WhatsApp-Image-2022-05-13-at-22.40.36-1-1536x1152.jpeg 1536w, http:\/\/triathlon91.fr\/wp-content\/uploads\/2022\/05\/WhatsApp-Image-2022-05-13-at-22.40.36-1-600x450.jpeg 600w, http:\/\/triathlon91.fr\/wp-content\/uploads\/2022\/05\/WhatsApp-Image-2022-05-13-at-22.40.36-1.jpeg 1600w\" sizes=\"(max-width: 509px) 100vw, 509px\" \/><\/figure><\/div>\n\n\n<p class=\"has-text-align-center\">De la <strong>natation, du cyclisme et de la course \u00e0 pied<\/strong> pendant 3 jours ! <\/p>\n\n\n\n<p>Le programme vous sera d\u00e9taill\u00e9 ult\u00e9rieurement ; mais sachez qu&#8217;on garde le meilleur et on change le logement pour un meilleur accueil.<\/p>\n\n\n\n<p> Tous les niveaux sont accept\u00e9s. Nous demandons juste \u00e0 ce que vous sachiez courir 10 kilom\u00e8tres et rouler 50 kilom\u00e8tres sur un parcours vallonn\u00e9. <\/p>\n\n\n\n<p><strong>Dates : <\/strong>du vendredi 5 mai (\u00e0 partir de 14h) au lundi 8 mai (17h00)<\/p>\n\n\n\n<p><strong>Localisation :<\/strong> Les Settons (3h de route depuis Paris)<\/p>\n\n\n\n<p><strong>Logements :<\/strong> Chalets de 4 \u00e0 6 personnes. Possibilit\u00e9 de venir en famille: nous contacter au pr\u00e9alable.<\/p>\n\n\n\n<p><strong>Repas <\/strong>inclus : petits d\u00e9jeuners, d\u00e9jeuner, d\u00eener.<\/p>\n\n\n\n<p><strong>Prix <\/strong>: 235 euros pour les adultes, 140 euros pour les accompagnants mineurs.<\/p>\n\n\n\n<p><strong>Inscriptions :<\/strong><em><strong><mark style=\"background-color:rgba(0, 0, 0, 0)\" class=\"has-inline-color has-accent-color\"> <\/mark><\/strong><\/em><a href=\"https:\/\/inscriptions-teve.fr\/stagesettons23\/select_competition\">https:\/\/inscriptions-teve.fr\/stagesettons23\/select_competition<\/a><\/p>\n\n\n\n<figure class=\"wp-block-gallery has-nested-images columns-default is-cropped wp-block-gallery-1 is-layout-flex\">\n<figure class=\"wp-block-image size-large\"><img decoding=\"async\" loading=\"lazy\" width=\"1024\" height=\"576\" data-id=\"980\"  src=\"http:\/\/triathlon91.fr\/wp-content\/uploads\/2021\/11\/lac-des-settons-vue-aerienne-1024x576.jpg\" alt=\"\" class=\"wp-image-980\" srcset=\"http:\/\/triathlon91.fr\/wp-content\/uploads\/2021\/11\/lac-des-settons-vue-aerienne-1024x576.jpg 1024w, http:\/\/triathlon91.fr\/wp-content\/uploads\/2021\/11\/lac-des-settons-vue-aerienne-600x338.jpg 600w, http:\/\/triathlon91.fr\/wp-content\/uploads\/2021\/11\/lac-des-settons-vue-aerienne-300x169.jpg 300w, http:\/\/triathlon91.fr\/wp-content\/uploads\/2021\/11\/lac-des-settons-vue-aerienne-768x432.jpg 768w, http:\/\/triathlon91.fr\/wp-content\/uploads\/2021\/11\/lac-des-settons-vue-aerienne-1536x864.jpg 1536w, http:\/\/triathlon91.fr\/wp-content\/uploads\/2021\/11\/lac-des-settons-vue-aerienne-1360x765.jpg 1360w, http:\/\/triathlon91.fr\/wp-content\/uploads\/2021\/11\/lac-des-settons-vue-aerienne.jpg 1600w\" sizes=\"(max-width: 1024px) 100vw, 1024px\" \/><figcaption class=\"wp-element-caption\">Vue a\u00e9rienne<\/figcaption><\/figure>\n\n\n\n<figure class=\"wp-block-image size-large\"><img decoding=\"async\" loading=\"lazy\" width=\"1024\" height=\"573\" data-id=\"977\"  src=\"http:\/\/triathlon91.fr\/wp-content\/uploads\/2021\/11\/Base-Activital-Settons-1024x573.png\" alt=\"\" class=\"wp-image-977\" srcset=\"http:\/\/triathlon91.fr\/wp-content\/uploads\/2021\/11\/Base-Activital-Settons-1024x573.png 1024w, http:\/\/triathlon91.fr\/wp-content\/uploads\/2021\/11\/Base-Activital-Settons-600x336.png 600w, http:\/\/triathlon91.fr\/wp-content\/uploads\/2021\/11\/Base-Activital-Settons-300x168.png 300w, http:\/\/triathlon91.fr\/wp-content\/uploads\/2021\/11\/Base-Activital-Settons-768x430.png 768w, http:\/\/triathlon91.fr\/wp-content\/uploads\/2021\/11\/Base-Activital-Settons-1536x860.png 1536w, http:\/\/triathlon91.fr\/wp-content\/uploads\/2021\/11\/Base-Activital-Settons-2048x1147.png 2048w\" sizes=\"(max-width: 1024px) 100vw, 1024px\" \/><figcaption class=\"wp-element-caption\">Lac des Settons<\/figcaption><\/figure>\n\n\n\n<figure class=\"wp-block-image size-large\"><img decoding=\"async\" loading=\"lazy\" width=\"1024\" height=\"682\" data-id=\"978\"  src=\"http:\/\/triathlon91.fr\/wp-content\/uploads\/2021\/11\/InstallationsSportivesSettons-1024x682.png\" alt=\"\" class=\"wp-image-978\" srcset=\"http:\/\/triathlon91.fr\/wp-content\/uploads\/2021\/11\/InstallationsSportivesSettons-1024x682.png 1024w, http:\/\/triathlon91.fr\/wp-content\/uploads\/2021\/11\/InstallationsSportivesSettons-600x400.png 600w, http:\/\/triathlon91.fr\/wp-content\/uploads\/2021\/11\/InstallationsSportivesSettons-300x200.png 300w, http:\/\/triathlon91.fr\/wp-content\/uploads\/2021\/11\/InstallationsSportivesSettons-768x512.png 768w, http:\/\/triathlon91.fr\/wp-content\/uploads\/2021\/11\/InstallationsSportivesSettons.png 1471w\" sizes=\"(max-width: 1024px) 100vw, 1024px\" \/><figcaption class=\"wp-element-caption\">Base Sport Activital<\/figcaption><\/figure>\n<\/figure>\n\n\n\n<p>N&#8217;h\u00e9sitez pas \u00e0 nous envoyer un mail si vous souhaitez des informations compl\u00e9mentaires : <a href=\"mailto:cdt.essonne@gmail.com\">cdt.essonne@gmail.com<\/a><\/p>\n","protected":false},"excerpt":{"rendered":"<p>Le Comit\u00e9 D\u00e9partemental de Triathlon de l&#8217;Essonne vous propose la 2\u00e9me \u00e9dition de son stage au c\u0153ur du Morvan. Le<\/p>\n","protected":false},"author":3,"featured_media":0,"parent":0,"menu_order":0,"comment_status":"closed","ping_status":"closed","template":"","meta":[],"_links":{"self":[{"href":"http:\/\/triathlon91.fr\/index.php\/wp-json\/wp\/v2\/pages\/951"}],"collection":[{"href":"http:\/\/triathlon91.fr\/index.php\/wp-json\/wp\/v2\/pages"}],"about":[{"href":"http:\/\/triathlon91.fr\/index.php\/wp-json\/wp\/v2\/types\/page"}],"author":[{"embeddable":true,"href":"http:\/\/triathlon91.fr\/index.php\/wp-json\/wp\/v2\/users\/3"}],"replies":[{"embeddable":true,"href":"http:\/\/triathlon91.fr\/index.php\/wp-json\/wp\/v2\/comments?post=951"}],"version-history":[{"count":18,"href":"http:\/\/triathlon91.fr\/index.php\/wp-json\/wp\/v2\/pages\/951\/revisions"}],"predecessor-version":[{"id":1368,"href":"http:\/\/triathlon91.fr\/index.php\/wp-json\/wp\/v2\/pages\/951\/revisions\/1368"}],"wp:attachment":[{"href":"http:\/\/triathlon91.fr\/index.php\/wp-json\/wp\/v2\/media?parent=951"}],"curies":[{"name":"wp","href":"https:\/\/api.w.org\/{rel}","templated":true}]}}